{"id":206,"date":"2024-09-07T19:12:35","date_gmt":"2024-09-07T19:12:35","guid":{"rendered":"http:\/\/localhost\/eshti\/?page_id=206"},"modified":"2024-09-08T16:27:45","modified_gmt":"2024-09-08T16:27:45","slug":"historial-da-eshti","status":"publish","type":"page","link":"https:\/\/eshti.uem.mz\/index.php\/historial-da-eshti\/","title":{"rendered":"Historial da ESHTI"},"content":{"rendered":"\t\t<div data-elementor-type=\"wp-page\" data-elementor-id=\"206\" class=\"elementor elementor-206\" data-elementor-post-type=\"page\">\n\t\t\t\t<div class=\"elementor-element elementor-element-c95b96a e-flex e-con-boxed e-con e-parent\" data-id=\"c95b96a\" data-element_type=\"container\" data-settings=\"{&quot;background_background&quot;:&quot;classic&quot;}\">\n\t\t\t\t\t<div class=\"e-con-inner\">\n\t\t\t\t<div class=\"elementor-element elementor-element-f443104 elementor-widget elementor-widget-heading\" data-id=\"f443104\" data-element_type=\"widget\" data-widget_type=\"heading.default\">\n\t\t\t\t<div class=\"elementor-widget-container\">\n\t\t\t\t\t<h2 class=\"elementor-heading-title elementor-size-default\">Historial da Escola Superior de Hotelaria e Turismo de Inhambane<\/h2>\t\t\t\t<\/div>\n\t\t\t\t<\/div>\n\t\t\t\t\t<\/div>\n\t\t\t\t<\/div>\n\t\t<div class=\"elementor-element elementor-element-319d12d e-flex e-con-boxed e-con e-parent\" data-id=\"319d12d\" data-element_type=\"container\">\n\t\t\t\t\t<div class=\"e-con-inner\">\n\t\t\t\t<div class=\"elementor-element elementor-element-1faf29d elementor-widget elementor-widget-text-editor\" data-id=\"1faf29d\" data-element_type=\"widget\" data-widget_type=\"text-editor.default\">\n\t\t\t\t<div class=\"elementor-widget-container\">\n\t\t\t\t\t\t\t\t\t<p><strong>A Escola Superior de Hotelaria e Turismo de Inhambane (ESHTI) da Universidade Eduardo Mondlane (UEM)<\/strong> foi criada pela Delibera\u00e7\u00e3o do Conselho Universit\u00e1rio da UEM n\u02da05\/CUN\/2002 de <strong>5 de Julho de 2002<\/strong>, publicada no BR n\u02da45\/2002 de 6 de Novembro de 2002. A ideia da sua cria\u00e7\u00e3o surgiu no \u00e2mbito da operacionaliza\u00e7\u00e3o do plano estrat\u00e9gico da UEM (1999-2003) que, nos seus objectivos estrat\u00e9gico 6 e 7, recomendava \u201c aumentar o n\u00famero de ingressos e desencadear o processo de introdu\u00e7\u00e3o de novos cursos universit\u00e1rios em outras \u00e1reas do conhecimento\u201d.<\/p><p>Com efeito, a <strong>ESHTI<\/strong> iniciou as suas actividades em <strong>2003<\/strong>, altura em que introduziu o Curso Superior de Licenciatura em Turismo, com predomin\u00e2ncia de disciplinas semestrais e com duas sa\u00eddas, uma para o Ramo de Planeamento Tur\u00edstico e outra para o ramo de Informa\u00e7\u00e3o e Anima\u00e7\u00e3o Tur\u00edstica.<\/p><p>No ano de <strong>2007<\/strong> a Escola iniciou a lecciona\u00e7\u00e3o de mais um curso, o Curso Superior de Licenciatura em Gest\u00e3o Hoteleira, sendo que este curso, \u00e0 semelhan\u00e7a do que acontecia como de Licenciatura em Turismo, preconizava a gradua\u00e7\u00e3o do estudante ap\u00f3s a conclus\u00e3o do 4\u00ba n\u00edvel e previa a exist\u00eancia de disciplinas semestrais que deveriam ocorrer ao longo das 16 semanas que compunham o semestre. Em 2008 iniciou o curso superior em Gest\u00e3o P\u00f3s-Laboral, com dura\u00e7\u00e3o de cinco (5) anos.<\/p><p>Com o fundamento na necessidade de suprir as lacunas identificadas nos curr\u00edculos antigos e de criar cursos especializados que respondessem \u00e0s aspira\u00e7\u00f5es de todos os intervenientes no sistema, em <strong>2009<\/strong> a ESHTIdesencadeou um processo de reforma curricular, que culminou com a desintegra\u00e7\u00e3o do anterior curso de <strong>Licenciatura em Turismo<\/strong>, dando origem a tr\u00eas novos cursos, designadamente, os Cursos de<strong> Licenciatura em Anima\u00e7\u00e3o Tur\u00edstica, Informa\u00e7\u00e3o Tur\u00edstica e Gest\u00e3o de Mercados Tur\u00edsticos<\/strong>.<\/p>\t\t\t\t\t\t\t\t<\/div>\n\t\t\t\t<\/div>\n\t\t\t\t\t<\/div>\n\t\t\t\t<\/div>\n\t\t<div class=\"elementor-element elementor-element-38e6f0c e-flex e-con-boxed e-con e-parent\" data-id=\"38e6f0c\" data-element_type=\"container\">\n\t\t\t\t\t<div class=\"e-con-inner\">\n\t\t<div class=\"elementor-element elementor-element-e42b1ea e-con-full e-flex e-con e-child\" data-id=\"e42b1ea\" data-element_type=\"container\">\n\t\t\t\t<div class=\"elementor-element elementor-element-d406cad elementor-widget elementor-widget-video\" data-id=\"d406cad\" data-element_type=\"widget\" data-settings=\"{&quot;youtube_url&quot;:&quot;https:\\\/\\\/www.youtube.com\\\/watch?v=Gi1I2rPBmEM&quot;,&quot;video_type&quot;:&quot;youtube&quot;,&quot;controls&quot;:&quot;yes&quot;}\" data-widget_type=\"video.default\">\n\t\t\t\t<div class=\"elementor-widget-container\">\n\t\t\t\t\t\t\t<div class=\"elementor-wrapper elementor-open-inline\">\n\t\t\t<div class=\"elementor-video\"><\/div>\t\t<\/div>\n\t\t\t\t\t\t<\/div>\n\t\t\t\t<\/div>\n\t\t\t\t<\/div>\n\t\t<div class=\"elementor-element elementor-element-4aed481 e-con-full e-flex e-con e-child\" data-id=\"4aed481\" data-element_type=\"container\">\n\t\t\t\t<div class=\"elementor-element elementor-element-61654dc elementor-widget elementor-widget-video\" data-id=\"61654dc\" data-element_type=\"widget\" data-settings=\"{&quot;youtube_url&quot;:&quot;https:\\\/\\\/www.youtube.com\\\/watch?v=NGQjGmSKlsA&amp;t=62s&quot;,&quot;video_type&quot;:&quot;youtube&quot;,&quot;controls&quot;:&quot;yes&quot;}\" data-widget_type=\"video.default\">\n\t\t\t\t<div class=\"elementor-widget-container\">\n\t\t\t\t\t\t\t<div class=\"elementor-wrapper elementor-open-inline\">\n\t\t\t<div class=\"elementor-video\"><\/div>\t\t<\/div>\n\t\t\t\t\t\t<\/div>\n\t\t\t\t<\/div>\n\t\t\t\t<\/div>\n\t\t\t\t\t<\/div>\n\t\t\t\t<\/div>\n\t\t<div class=\"elementor-element elementor-element-b20c911 e-flex e-con-boxed e-con e-parent\" data-id=\"b20c911\" data-element_type=\"container\" data-settings=\"{&quot;background_background&quot;:&quot;classic&quot;,&quot;shape_divider_top&quot;:&quot;pyramids&quot;}\">\n\t\t\t\t\t<div class=\"e-con-inner\">\n\t\t\t\t<div class=\"elementor-shape elementor-shape-top\" data-negative=\"false\">\n\t\t\t<svg xmlns=\"http:\/\/www.w3.org\/2000\/svg\" viewBox=\"0 0 1000 100\" preserveAspectRatio=\"none\">\n\t<path class=\"elementor-shape-fill\" d=\"M761.9,44.1L643.1,27.2L333.8,98L0,3.8V0l1000,0v3.9\"\/>\n<\/svg>\t\t<\/div>\n\t\t<div class=\"elementor-element elementor-element-7a2d2be e-con-full e-flex e-con e-child\" data-id=\"7a2d2be\" data-element_type=\"container\">\n\t\t\t\t<\/div>\n\t\t<div class=\"elementor-element elementor-element-51c9d70 e-con-full e-flex e-con e-child\" data-id=\"51c9d70\" data-element_type=\"container\">\n\t\t\t\t<div class=\"elementor-element elementor-element-4473cfa elementor-widget elementor-widget-button\" data-id=\"4473cfa\" data-element_type=\"widget\" data-widget_type=\"button.default\">\n\t\t\t\t<div class=\"elementor-widget-container\">\n\t\t\t\t\t\t\t\t\t<div class=\"elementor-button-wrapper\">\n\t\t\t\t\t<a class=\"elementor-button elementor-button-link elementor-size-sm\" href=\"https:\/\/eshti.uem.mz\/index.php\/contactos\/\">\n\t\t\t\t\t\t<span class=\"elementor-button-content-wrapper\">\n\t\t\t\t\t\t\t\t\t<span class=\"elementor-button-text\">Contactos<\/span>\n\t\t\t\t\t<\/span>\n\t\t\t\t\t<\/a>\n\t\t\t\t<\/div>\n\t\t\t\t\t\t\t\t<\/div>\n\t\t\t\t<\/div>\n\t\t\t\t<\/div>\n\t\t<div class=\"elementor-element elementor-element-5850af4 e-con-full e-flex e-con e-child\" data-id=\"5850af4\" data-element_type=\"container\">\n\t\t\t\t<\/div>\n\t\t\t\t\t<\/div>\n\t\t\t\t<\/div>\n\t\t\t\t<\/div>\n\t\t","protected":false},"excerpt":{"rendered":"<p>Historial da Escola Superior de Hotelaria e Turismo de Inhambane A Escola Superior de Hotelaria e Turismo de Inhambane (ESHTI) [&hellip;]<\/p>\n","protected":false},"author":1,"featured_media":0,"parent":0,"menu_order":0,"comment_status":"closed","ping_status":"closed","template":"","meta":{"site-sidebar-layout":"no-sidebar","site-content-layout":"","ast-site-content-layout":"full-width-container","site-content-style":"default","site-sidebar-style":"default","ast-global-header-display":"","ast-banner-title-visibility":"","ast-main-header-display":"","ast-hfb-above-header-display":"","ast-hfb-below-header-display":"","ast-hfb-mobile-header-display":"","site-post-title":"disabled","ast-breadcrumbs-content":"","ast-featured-img":"disabled","footer-sml-layout":"","theme-transparent-header-meta":"","adv-header-id-meta":"","stick-header-meta":"","header-above-stick-meta":"","header-main-stick-meta":"","header-below-stick-meta":"","astra-migrate-meta-layouts":"default","ast-page-background-enabled":"default","ast-page-background-meta":{"desktop":{"background-color":"var(--ast-global-color-4)","background-image":"","background-repeat":"repeat","background-position":"center center","background-size":"auto","background-attachment":"scroll","background-type":"","background-media":"","overlay-type":"","overlay-color":"","overlay-opacity":"","overlay-gradient":""},"tablet":{"background-color":"","background-image":"","background-repeat":"repeat","background-position":"center center","background-size":"auto","background-attachment":"scroll","background-type":"","background-media":"","overlay-type":"","overlay-color":"","overlay-opacity":"","overlay-gradient":""},"mobile":{"background-color":"","background-image":"","background-repeat":"repeat","background-position":"center center","background-size":"auto","background-attachment":"scroll","background-type":"","background-media":"","overlay-type":"","overlay-color":"","overlay-opacity":"","overlay-gradient":""}},"ast-content-background-meta":{"desktop":{"background-color":"var(--ast-global-color-5)","background-image":"","background-repeat":"repeat","background-position":"center center","background-size":"auto","background-attachment":"scroll","background-type":"","background-media":"","overlay-type":"","overlay-color":"","overlay-opacity":"","overlay-gradient":""},"tablet":{"background-color":"var(--ast-global-color-5)","background-image":"","background-repeat":"repeat","background-position":"center center","background-size":"auto","background-attachment":"scroll","background-type":"","background-media":"","overlay-type":"","overlay-color":"","overlay-opacity":"","overlay-gradient":""},"mobile":{"background-color":"var(--ast-global-color-5)","background-image":"","background-repeat":"repeat","background-position":"center center","background-size":"auto","background-attachment":"scroll","background-type":"","background-media":"","overlay-type":"","overlay-color":"","overlay-opacity":"","overlay-gradient":""}},"footnotes":""},"class_list":["post-206","page","type-page","status-publish","hentry"],"_links":{"self":[{"href":"https:\/\/eshti.uem.mz\/index.php\/wp-json\/wp\/v2\/pages\/206","targetHints":{"allow":["GET"]}}],"collection":[{"href":"https:\/\/eshti.uem.mz\/index.php\/wp-json\/wp\/v2\/pages"}],"about":[{"href":"https:\/\/eshti.uem.mz\/index.php\/wp-json\/wp\/v2\/types\/page"}],"author":[{"embeddable":true,"href":"https:\/\/eshti.uem.mz\/index.php\/wp-json\/wp\/v2\/users\/1"}],"replies":[{"embeddable":true,"href":"https:\/\/eshti.uem.mz\/index.php\/wp-json\/wp\/v2\/comments?post=206"}],"version-history":[{"count":25,"href":"https:\/\/eshti.uem.mz\/index.php\/wp-json\/wp\/v2\/pages\/206\/revisions"}],"predecessor-version":[{"id":689,"href":"https:\/\/eshti.uem.mz\/index.php\/wp-json\/wp\/v2\/pages\/206\/revisions\/689"}],"wp:attachment":[{"href":"https:\/\/eshti.uem.mz\/index.php\/wp-json\/wp\/v2\/media?parent=206"}],"curies":[{"name":"wp","href":"https:\/\/api.w.org\/{rel}","templated":true}]}}