{"id":390,"date":"2024-09-08T09:50:59","date_gmt":"2024-09-08T09:50:59","guid":{"rendered":"https:\/\/blogs.uem.mz\/?page_id=390"},"modified":"2024-09-08T10:11:18","modified_gmt":"2024-09-08T10:11:18","slug":"direccao","status":"publish","type":"page","link":"https:\/\/eshti.uem.mz\/index.php\/direccao\/","title":{"rendered":"Direc\u00e7\u00e3o"},"content":{"rendered":"\t\t<div data-elementor-type=\"wp-page\" data-elementor-id=\"390\" class=\"elementor elementor-390\" data-elementor-post-type=\"page\">\n\t\t\t\t<div class=\"elementor-element elementor-element-67543be e-flex e-con-boxed e-con e-parent\" data-id=\"67543be\" data-element_type=\"container\" data-settings=\"{&quot;background_background&quot;:&quot;classic&quot;}\">\n\t\t\t\t\t<div class=\"e-con-inner\">\n\t\t\t\t<div class=\"elementor-element elementor-element-de2a24c elementor-widget elementor-widget-heading\" data-id=\"de2a24c\" data-element_type=\"widget\" data-widget_type=\"heading.default\">\n\t\t\t\t<div class=\"elementor-widget-container\">\n\t\t\t\t\t<h2 class=\"elementor-heading-title elementor-size-default\">Director da Escola Superior de Hotelaria e Turismo de Inhambane<\/h2>\t\t\t\t<\/div>\n\t\t\t\t<\/div>\n\t\t\t\t\t<\/div>\n\t\t\t\t<\/div>\n\t\t<div class=\"elementor-element elementor-element-97198d7 e-flex e-con-boxed e-con e-parent\" data-id=\"97198d7\" data-element_type=\"container\">\n\t\t\t\t\t<div class=\"e-con-inner\">\n\t\t\t\t<div class=\"elementor-element elementor-element-9dbfff8 elementor-widget elementor-widget-heading\" data-id=\"9dbfff8\" data-element_type=\"widget\" data-widget_type=\"heading.default\">\n\t\t\t\t<div class=\"elementor-widget-container\">\n\t\t\t\t\t<h2 class=\"elementor-heading-title elementor-size-default\">Prof. Doutor Ernesto Jorge Macaringue<\/h2>\t\t\t\t<\/div>\n\t\t\t\t<\/div>\n\t\t\t\t\t<\/div>\n\t\t\t\t<\/div>\n\t\t<div class=\"elementor-element elementor-element-5414c26 e-flex e-con-boxed e-con e-parent\" data-id=\"5414c26\" data-element_type=\"container\">\n\t\t\t\t\t<div class=\"e-con-inner\">\n\t\t<div class=\"elementor-element elementor-element-2e04794 e-con-full e-flex e-con e-child\" data-id=\"2e04794\" data-element_type=\"container\">\n\t\t\t\t<div class=\"elementor-element elementor-element-6270a50 elementor-widget elementor-widget-image\" data-id=\"6270a50\" data-element_type=\"widget\" data-widget_type=\"image.default\">\n\t\t\t\t<div class=\"elementor-widget-container\">\n\t\t\t\t\t\t\t\t\t\t\t\t\t\t\t<img fetchpriority=\"high\" decoding=\"async\" width=\"281\" height=\"348\" src=\"https:\/\/eshti.uem.mz\/wp-content\/uploads\/2024\/09\/ernesto_macaringue.png\" class=\"attachment-large size-large wp-image-395\" alt=\"\" srcset=\"https:\/\/eshti.uem.mz\/wp-content\/uploads\/2024\/09\/ernesto_macaringue.png 281w, https:\/\/eshti.uem.mz\/wp-content\/uploads\/2024\/09\/ernesto_macaringue-242x300.png 242w\" sizes=\"(max-width: 281px) 100vw, 281px\" \/>\t\t\t\t\t\t\t\t\t\t\t\t\t\t\t<\/div>\n\t\t\t\t<\/div>\n\t\t\t\t<\/div>\n\t\t<div class=\"elementor-element elementor-element-23f1a12 e-con-full e-flex e-con e-child\" data-id=\"23f1a12\" data-element_type=\"container\">\n\t\t\t\t<div class=\"elementor-element elementor-element-ecb6c38 elementor-widget elementor-widget-text-editor\" data-id=\"ecb6c38\" data-element_type=\"widget\" data-widget_type=\"text-editor.default\">\n\t\t\t\t<div class=\"elementor-widget-container\">\n\t\t\t\t\t\t\t\t\t<p>Ernesto Jorge Macaringue, Professor Auxiliar, \u00e9 Doutor em Geografia pelo Instituto de Estudos S\u00f3cio Ambientais (IESA) da Universidade Federal de Goi\u00e1s, onde defendeu em 2018 a tese intitulada &#8220;Moderniza\u00e7\u00e3o da agricultura no distrito de Monapo em Mo\u00e7ambique: redefini\u00e7\u00e3o da geopol\u00edtica da fronteira agr\u00edcola mundial&#8221;. \u00c9 Mestre em Desenvolvimento Agr\u00e1rio pela Faculdade Agronomia e Engenharia Florestal (FAEF), da Universidade Eduardo Mondlane (UEM) e Licenciado em Geografia, pela mesma universidade). Tem experi\u00eancia em doc\u00eancia no ensino superior, em pesquisa das rela\u00e7\u00f5es em espa\u00e7os agr\u00e1rios e actua como activista comunit\u00e1rio nas \u00e1reas de ensino b\u00e1sico, em projectos de desenvolvimento rural. \u00c9 Docente na Escola Superior de Hotelaria e Turismo de Inhambane (ESHTI) desde 2005, actuando nas disciplinas de Planeamento Tur\u00edstico e Ordenamento do Territ\u00f3rio, Geografia de Mo\u00e7ambique, Metodologia de Investiga\u00e7\u00e3o Cient\u00edfica. Seus interesses de pesquisa envolvem &#8220;Agroneg\u00f3cio e transforma\u00e7\u00f5es espaciais em Mo\u00e7ambique&#8221;, &#8220;Megaprojectos em comunidades rurais mo\u00e7ambicanas&#8221; e &#8220;O Poder Estatal e as minorias em Mo\u00e7ambique&#8221;.<\/p>\t\t\t\t\t\t\t\t<\/div>\n\t\t\t\t<\/div>\n\t\t\t\t<div class=\"elementor-element elementor-element-cae6034 elementor-align-center elementor-widget elementor-widget-button\" data-id=\"cae6034\" data-element_type=\"widget\" data-widget_type=\"button.default\">\n\t\t\t\t<div class=\"elementor-widget-container\">\n\t\t\t\t\t\t\t\t\t<div class=\"elementor-button-wrapper\">\n\t\t\t\t\t<a class=\"elementor-button elementor-button-link elementor-size-sm\" href=\"http:\/\/buscatextual.cnpq.br\/buscatextual\/visualizacv.do;jsessionid=2058EBE372CF7AAAD89C93DC8F0A9BA2.buscatextual_0\" target=\"_blank\">\n\t\t\t\t\t\t<span class=\"elementor-button-content-wrapper\">\n\t\t\t\t\t\t\t\t\t<span class=\"elementor-button-text\">Veja o perfil completo do Prof. Doutor Ernesto Jorge Macaringue<\/span>\n\t\t\t\t\t<\/span>\n\t\t\t\t\t<\/a>\n\t\t\t\t<\/div>\n\t\t\t\t\t\t\t\t<\/div>\n\t\t\t\t<\/div>\n\t\t\t\t<\/div>\n\t\t\t\t\t<\/div>\n\t\t\t\t<\/div>\n\t\t\t\t<\/div>\n\t\t","protected":false},"excerpt":{"rendered":"<p>Director da Escola Superior de Hotelaria e Turismo de Inhambane Prof. Doutor Ernesto Jorge Macaringue Ernesto Jorge Macaringue, Professor Auxiliar, [&hellip;]<\/p>\n","protected":false},"author":1,"featured_media":0,"parent":0,"menu_order":0,"comment_status":"closed","ping_status":"closed","template":"","meta":{"site-sidebar-layout":"no-sidebar","site-content-layout":"","ast-site-content-layout":"full-width-container","site-content-style":"default","site-sidebar-style":"default","ast-global-header-display":"","ast-banner-title-visibility":"","ast-main-header-display":"","ast-hfb-above-header-display":"","ast-hfb-below-header-display":"","ast-hfb-mobile-header-display":"","site-post-title":"disabled","ast-breadcrumbs-content":"","ast-featured-img":"disabled","footer-sml-layout":"","theme-transparent-header-meta":"","adv-header-id-meta":"","stick-header-meta":"","header-above-stick-meta":"","header-main-stick-meta":"","header-below-stick-meta":"","astra-migrate-meta-layouts":"default","ast-page-background-enabled":"default","ast-page-background-meta":{"desktop":{"background-color":"var(--ast-global-color-4)","background-image":"","background-repeat":"repeat","background-position":"center center","background-size":"auto","background-attachment":"scroll","background-type":"","background-media":"","overlay-type":"","overlay-color":"","overlay-opacity":"","overlay-gradient":""},"tablet":{"background-color":"","background-image":"","background-repeat":"repeat","background-position":"center center","background-size":"auto","background-attachment":"scroll","background-type":"","background-media":"","overlay-type":"","overlay-color":"","overlay-opacity":"","overlay-gradient":""},"mobile":{"background-color":"","background-image":"","background-repeat":"repeat","background-position":"center center","background-size":"auto","background-attachment":"scroll","background-type":"","background-media":"","overlay-type":"","overlay-color":"","overlay-opacity":"","overlay-gradient":""}},"ast-content-background-meta":{"desktop":{"background-color":"var(--ast-global-color-5)","background-image":"","background-repeat":"repeat","background-position":"center center","background-size":"auto","background-attachment":"scroll","background-type":"","background-media":"","overlay-type":"","overlay-color":"","overlay-opacity":"","overlay-gradient":""},"tablet":{"background-color":"var(--ast-global-color-5)","background-image":"","background-repeat":"repeat","background-position":"center center","background-size":"auto","background-attachment":"scroll","background-type":"","background-media":"","overlay-type":"","overlay-color":"","overlay-opacity":"","overlay-gradient":""},"mobile":{"background-color":"var(--ast-global-color-5)","background-image":"","background-repeat":"repeat","background-position":"center center","background-size":"auto","background-attachment":"scroll","background-type":"","background-media":"","overlay-type":"","overlay-color":"","overlay-opacity":"","overlay-gradient":""}},"footnotes":""},"class_list":["post-390","page","type-page","status-publish","hentry"],"_links":{"self":[{"href":"https:\/\/eshti.uem.mz\/index.php\/wp-json\/wp\/v2\/pages\/390","targetHints":{"allow":["GET"]}}],"collection":[{"href":"https:\/\/eshti.uem.mz\/index.php\/wp-json\/wp\/v2\/pages"}],"about":[{"href":"https:\/\/eshti.uem.mz\/index.php\/wp-json\/wp\/v2\/types\/page"}],"author":[{"embeddable":true,"href":"https:\/\/eshti.uem.mz\/index.php\/wp-json\/wp\/v2\/users\/1"}],"replies":[{"embeddable":true,"href":"https:\/\/eshti.uem.mz\/index.php\/wp-json\/wp\/v2\/comments?post=390"}],"version-history":[{"count":14,"href":"https:\/\/eshti.uem.mz\/index.php\/wp-json\/wp\/v2\/pages\/390\/revisions"}],"predecessor-version":[{"id":943,"href":"https:\/\/eshti.uem.mz\/index.php\/wp-json\/wp\/v2\/pages\/390\/revisions\/943"}],"wp:attachment":[{"href":"https:\/\/eshti.uem.mz\/index.php\/wp-json\/wp\/v2\/media?parent=390"}],"curies":[{"name":"wp","href":"https:\/\/api.w.org\/{rel}","templated":true}]}}