{"id":536,"date":"2024-09-08T14:35:18","date_gmt":"2024-09-08T14:35:18","guid":{"rendered":"https:\/\/blogs.uem.mz\/index.php\/document-library\/"},"modified":"2024-09-08T14:35:18","modified_gmt":"2024-09-08T14:35:18","slug":"document-library","status":"publish","type":"page","link":"https:\/\/eshti.uem.mz\/index.php\/document-library\/","title":{"rendered":"Document Library"},"content":{"rendered":"<table id=\"dlp_18987558a7d916f0_1\" class=\"posts-data-table\" width=\"100%\" data-config=\"{&quot;pageLength&quot;:25,&quot;pagingType&quot;:&quot;numbers&quot;,&quot;serverSide&quot;:false,&quot;autoWidth&quot;:true,&quot;clickFilter&quot;:true,&quot;scrollOffset&quot;:15,&quot;resetButton&quot;:true,&quot;lengthMenu&quot;:[[10,25,50,100,-1],[10,25,50,100,&quot;All&quot;]],&quot;columnDefs&quot;:[{&quot;className&quot;:&quot;col-title&quot;,&quot;targets&quot;:0},{&quot;className&quot;:&quot;col-excerpt&quot;,&quot;targets&quot;:1},{&quot;className&quot;:&quot;col-doc_categories&quot;,&quot;targets&quot;:2},{&quot;className&quot;:&quot;col-link&quot;,&quot;targets&quot;:3}],&quot;responsive&quot;:{&quot;details&quot;:{&quot;display&quot;:&quot;child_row&quot;}},&quot;language&quot;:{&quot;info&quot;:&quot;_TOTAL_ documents&quot;,&quot;infoEmpty&quot;:&quot;0 documents&quot;,&quot;emptyTable&quot;:&quot;No matching documents.&quot;,&quot;zeroRecords&quot;:&quot;No matching documents.&quot;,&quot;totalsSingle&quot;:&quot;document&quot;,&quot;totalsPlural&quot;:&quot;documents&quot;},&quot;dom&quot;:&quot;&lt;\\&quot;posts-table-wrapper astra\\&quot;&lt;\\&quot;posts-table-above posts-table-controls\\&quot;f&gt;t&lt;\\&quot;posts-table-below posts-table-controls\\&quot;lip&gt;&gt;&quot;,&quot;multiDownloadButton&quot;:false,&quot;multiDownloadPosition&quot;:&quot;above&quot;,&quot;multiDownloadText&quot;:&quot;Download Selected Documents&quot;}\" data-filters=\"false\" data-order=\"[]\"><thead><tr><th class=\"all\" data-name=\"title\" data-orderable=\"true\" data-searchable=\"true\" data-priority=\"1\">Title<\/th><th data-name=\"excerpt\" data-orderable=\"true\" data-searchable=\"true\" data-priority=\"4\">Summary<\/th><th data-name=\"doc_categories\" data-orderable=\"true\" data-searchable=\"true\" data-priority=\"6\">Categories<\/th><th data-name=\"link\" data-orderable=\"false\" data-searchable=\"false\" data-priority=\"10\">Link<\/th><\/tr><\/thead><tbody><tr id=\"post-row-737\" class=\"post-row post-type-dlp_document dlp_document-737 publish\"><td><a href=\"https:\/\/eshti.uem.mz\/index.php\/slug\/regulamento-das-residencias-universitarias-estudantis\/\">REGULAMENTO DAS RESID\u00caNCIAS UNIVERSIT\u00c1RIAS ESTUDANT\u00cdS<\/a><\/td><td><p>Os servi\u00e7os de alojamento s\u00e3o primariamente destinados \u00e0 estudantes benefici\u00e1rios de bolsa completa ou ainda &hellip;<\/p>\n<\/td><td><a href=\"https:\/\/eshti.uem.mz\/index.php\/document-category\/regulamentos\/\" data-column=\"doc_categories\" rel=\"tag\"><span data-slug=\"regulamentos\">Regulamentos<\/span><\/a><\/td><td><div class=\"dlp-table-document-link-wrap\"><a href=\"https:\/\/eshti.uem.mz\/wp-content\/uploads\/2025\/03\/Regulamento-Residencias-Universitarias-Estudantis-actual-1.doc\" class=\"dlp-download-link dlp-download-button document-library-pro-button button btn\" data-download-id=\"737\"  download=\"Regulamento-Residencias-Universitarias-Estudantis-actual-1.doc\" type=\"application\/msword\">Download<\/a><\/div><\/td><\/tr><tr id=\"post-row-569\" class=\"post-row post-type-dlp_document dlp_document-569 publish\"><td><a href=\"https:\/\/eshti.uem.mz\/index.php\/slug\/regulamento-de-admissao-de-tarefeiros-da-eshti\/\">Regulamento de Admiss\u00e3o de Tarefeiros da ESHTI<\/a><\/td><td><p>Deliberada na Sala de Confer\u00eancias da ESHTI, no dia 05 de Maio de 2016, na &hellip;<\/p>\n<\/td><td><a href=\"https:\/\/eshti.uem.mz\/index.php\/document-category\/regulamentos\/\" data-column=\"doc_categories\" rel=\"tag\"><span data-slug=\"regulamentos\">Regulamentos<\/span><\/a><\/td><td><div class=\"dlp-table-document-link-wrap\"><a href=\"https:\/\/eshti.uem.mz\/wp-content\/uploads\/2024\/09\/RegulamentoTarefeiros.pdf\" class=\"dlp-download-link dlp-download-button document-library-pro-button button btn\" data-download-id=\"569\"  download=\"RegulamentoTarefeiros.pdf\" type=\"application\/pdf\">Download<\/a><\/div><\/td><\/tr><\/tbody><\/table>\n","protected":false},"excerpt":{"rendered":"","protected":false},"author":1,"featured_media":0,"parent":0,"menu_order":0,"comment_status":"closed","ping_status":"closed","template":"","meta":{"site-sidebar-layout":"default","site-content-layout":"","ast-site-content-layout":"default","site-content-style":"default","site-sidebar-style":"default","ast-global-header-display":"","ast-banner-title-visibility":"","ast-main-header-display":"","ast-hfb-above-header-display":"","ast-hfb-below-header-display":"","ast-hfb-mobile-header-display":"","site-post-title":"","ast-breadcrumbs-content":"","ast-featured-img":"","footer-sml-layout":"","theme-transparent-header-meta":"","adv-header-id-meta":"","stick-header-meta":"","header-above-stick-meta":"","header-main-stick-meta":"","header-below-stick-meta":"","astra-migrate-meta-layouts":"default","ast-page-background-enabled":"default","ast-page-background-meta":{"desktop":{"background-color":"var(--ast-global-color-4)","background-image":"","background-repeat":"repeat","background-position":"center center","background-size":"auto","background-attachment":"scroll","background-type":"","background-media":"","overlay-type":"","overlay-color":"","overlay-opacity":"","overlay-gradient":""},"tablet":{"background-color":"","background-image":"","background-repeat":"repeat","background-position":"center center","background-size":"auto","background-attachment":"scroll","background-type":"","background-media":"","overlay-type":"","overlay-color":"","overlay-opacity":"","overlay-gradient":""},"mobile":{"background-color":"","background-image":"","background-repeat":"repeat","background-position":"center center","background-size":"auto","background-attachment":"scroll","background-type":"","background-media":"","overlay-type":"","overlay-color":"","overlay-opacity":"","overlay-gradient":""}},"ast-content-background-meta":{"desktop":{"background-color":"var(--ast-global-color-5)","background-image":"","background-repeat":"repeat","background-position":"center center","background-size":"auto","background-attachment":"scroll","background-type":"","background-media":"","overlay-type":"","overlay-color":"","overlay-opacity":"","overlay-gradient":""},"tablet":{"background-color":"var(--ast-global-color-5)","background-image":"","background-repeat":"repeat","background-position":"center center","background-size":"auto","background-attachment":"scroll","background-type":"","background-media":"","overlay-type":"","overlay-color":"","overlay-opacity":"","overlay-gradient":""},"mobile":{"background-color":"var(--ast-global-color-5)","background-image":"","background-repeat":"repeat","background-position":"center center","background-size":"auto","background-attachment":"scroll","background-type":"","background-media":"","overlay-type":"","overlay-color":"","overlay-opacity":"","overlay-gradient":""}},"footnotes":""},"class_list":["post-536","page","type-page","status-publish","hentry"],"_links":{"self":[{"href":"https:\/\/eshti.uem.mz\/index.php\/wp-json\/wp\/v2\/pages\/536","targetHints":{"allow":["GET"]}}],"collection":[{"href":"https:\/\/eshti.uem.mz\/index.php\/wp-json\/wp\/v2\/pages"}],"about":[{"href":"https:\/\/eshti.uem.mz\/index.php\/wp-json\/wp\/v2\/types\/page"}],"author":[{"embeddable":true,"href":"https:\/\/eshti.uem.mz\/index.php\/wp-json\/wp\/v2\/users\/1"}],"replies":[{"embeddable":true,"href":"https:\/\/eshti.uem.mz\/index.php\/wp-json\/wp\/v2\/comments?post=536"}],"version-history":[{"count":0,"href":"https:\/\/eshti.uem.mz\/index.php\/wp-json\/wp\/v2\/pages\/536\/revisions"}],"wp:attachment":[{"href":"https:\/\/eshti.uem.mz\/index.php\/wp-json\/wp\/v2\/media?parent=536"}],"curies":[{"name":"wp","href":"https:\/\/api.w.org\/{rel}","templated":true}]}}