{"id":739,"date":"2025-03-11T08:08:26","date_gmt":"2025-03-11T08:08:26","guid":{"rendered":"https:\/\/eshti.uem.mz\/?page_id=739"},"modified":"2025-03-11T08:48:11","modified_gmt":"2025-03-11T08:48:11","slug":"residencia-estudantil","status":"publish","type":"page","link":"https:\/\/eshti.uem.mz\/index.php\/residencia-estudantil\/","title":{"rendered":"Resid\u00eancia Estudantil"},"content":{"rendered":"\t\t<div data-elementor-type=\"wp-page\" data-elementor-id=\"739\" class=\"elementor elementor-739\" data-elementor-post-type=\"page\">\n\t\t\t\t<div class=\"elementor-element elementor-element-de02e25 e-flex e-con-boxed e-con e-parent\" data-id=\"de02e25\" data-element_type=\"container\" data-settings=\"{&quot;background_background&quot;:&quot;classic&quot;}\">\n\t\t\t\t\t<div class=\"e-con-inner\">\n\t\t\t\t<div class=\"elementor-element elementor-element-8c4c920 elementor-widget elementor-widget-heading\" data-id=\"8c4c920\" data-element_type=\"widget\" data-widget_type=\"heading.default\">\n\t\t\t\t<div class=\"elementor-widget-container\">\n\t\t\t\t\t<h2 class=\"elementor-heading-title elementor-size-default\">Resid\u00eancia Estudantil<\/h2>\t\t\t\t<\/div>\n\t\t\t\t<\/div>\n\t\t\t\t\t<\/div>\n\t\t\t\t<\/div>\n\t\t<div class=\"elementor-element elementor-element-20bf532 e-flex e-con-boxed e-con e-parent\" data-id=\"20bf532\" data-element_type=\"container\">\n\t\t\t\t\t<div class=\"e-con-inner\">\n\t\t<div class=\"elementor-element elementor-element-984962a e-con-full e-flex e-con e-child\" data-id=\"984962a\" data-element_type=\"container\">\n\t\t\t\t<div class=\"elementor-element elementor-element-32384ee elementor-widget elementor-widget-text-editor\" data-id=\"32384ee\" data-element_type=\"widget\" data-widget_type=\"text-editor.default\">\n\t\t\t\t<div class=\"elementor-widget-container\">\n\t\t\t\t\t\t\t\t\t<p>A Universidade Eduardo Mondlane, como institui\u00e7\u00e3o p\u00fablica de ensino superior, empenha-se pela excel\u00eancia no contexto da educa\u00e7\u00e3o, da ci\u00eancia, da cultura e da tecnologia, orientando para a vida os profissionais que capacita e assumindo responsabilidades no processo de inova\u00e7\u00e3o e transfer\u00eancia de conhecimento e no desenvolvimento sustentado.<\/p><p>De entre os v\u00e1rios princ\u00edpios e prop\u00f3sitos que norteiam a miss\u00e3o da UEM est\u00e1 o que defende que a condi\u00e7\u00e3o econ\u00f3mica e social n\u00e3o constitua limitante ao acesso aos seus cursos. Como forma de materializar este princ\u00edpio, a UEM atende \u00e0 quest\u00e3o de exiguidade de meios por parte de alguns estudantes bem como da dist\u00e2ncia que os separa dos locais de proveni\u00eancia, no sentido de encontrar meios para fazer face \u00e0 esta realidade. O sistema de atribui\u00e7\u00e3o de bolsas de estudo que inclue alojamento nas resid\u00eancias estudantis constitui alguns dos meios adoptados.<\/p><p>Tendo em conta que nas resid\u00eancias estudantis est\u00e3o alojados estudantes de v\u00e1rias realidades culturais e sociais; considerando que cada estudante tem interesses individuais suscept\u00edveis de conflituar com os interesses dos demais, \u00e9 proposta a actualiza\u00e7\u00e3o do Regulamento das Resid\u00eancias Estudantis da UEM.<\/p><p>A revis\u00e3o do Regulamento em vigor prende-se com a necessidade de adequar este instrumento com a realidade que se vive actualmente nas resid\u00eancias universit\u00e1rias.<\/p><p>A utilidade deste regulamento reside na sua fun\u00e7\u00e3o organizadora e disciplinadora, dos respectivos utentes e na materializa\u00e7\u00e3o dos objectivos estrat\u00e9gicos da Universidade.<\/p>\t\t\t\t\t\t\t\t<\/div>\n\t\t\t\t<\/div>\n\t\t\t\t<div class=\"elementor-element elementor-element-a8d4d99 elementor-widget elementor-widget-button\" data-id=\"a8d4d99\" data-element_type=\"widget\" data-widget_type=\"button.default\">\n\t\t\t\t<div class=\"elementor-widget-container\">\n\t\t\t\t\t\t\t\t\t<div class=\"elementor-button-wrapper\">\n\t\t\t\t\t<a class=\"elementor-button elementor-button-link elementor-size-sm\" href=\"https:\/\/eshti.uem.mz\/wp-content\/uploads\/2025\/03\/Regulamento-Residencias-Universitarias-Estudantis.pdf\">\n\t\t\t\t\t\t<span class=\"elementor-button-content-wrapper\">\n\t\t\t\t\t\t<span class=\"elementor-button-icon\">\n\t\t\t\t<svg aria-hidden=\"true\" class=\"e-font-icon-svg e-far-file-alt\" viewBox=\"0 0 384 512\" xmlns=\"http:\/\/www.w3.org\/2000\/svg\"><path d=\"M288 248v28c0 6.6-5.4 12-12 12H108c-6.6 0-12-5.4-12-12v-28c0-6.6 5.4-12 12-12h168c6.6 0 12 5.4 12 12zm-12 72H108c-6.6 0-12 5.4-12 12v28c0 6.6 5.4 12 12 12h168c6.6 0 12-5.4 12-12v-28c0-6.6-5.4-12-12-12zm108-188.1V464c0 26.5-21.5 48-48 48H48c-26.5 0-48-21.5-48-48V48C0 21.5 21.5 0 48 0h204.1C264.8 0 277 5.1 286 14.1L369.9 98c9 8.9 14.1 21.2 14.1 33.9zm-128-80V128h76.1L256 51.9zM336 464V176H232c-13.3 0-24-10.7-24-24V48H48v416h288z\"><\/path><\/svg>\t\t\t<\/span>\n\t\t\t\t\t\t\t\t\t<span class=\"elementor-button-text\">Clique aqui para baixar regulamento das residenciancia<\/span>\n\t\t\t\t\t<\/span>\n\t\t\t\t\t<\/a>\n\t\t\t\t<\/div>\n\t\t\t\t\t\t\t\t<\/div>\n\t\t\t\t<\/div>\n\t\t\t\t<\/div>\n\t\t<div class=\"elementor-element elementor-element-30e5611 e-con-full e-flex e-con e-child\" data-id=\"30e5611\" data-element_type=\"container\">\n\t\t\t\t<div class=\"elementor-element elementor-element-751855e elementor-widget elementor-widget-image\" data-id=\"751855e\" data-element_type=\"widget\" data-widget_type=\"image.default\">\n\t\t\t\t<div class=\"elementor-widget-container\">\n\t\t\t\t\t\t\t\t\t\t\t\t\t\t\t<img fetchpriority=\"high\" decoding=\"async\" width=\"800\" height=\"600\" src=\"https:\/\/eshti.uem.mz\/wp-content\/uploads\/2024\/09\/contactos.jpg\" class=\"attachment-large size-large wp-image-527\" alt=\"\" srcset=\"https:\/\/eshti.uem.mz\/wp-content\/uploads\/2024\/09\/contactos.jpg 800w, https:\/\/eshti.uem.mz\/wp-content\/uploads\/2024\/09\/contactos-300x225.jpg 300w, https:\/\/eshti.uem.mz\/wp-content\/uploads\/2024\/09\/contactos-768x576.jpg 768w\" sizes=\"(max-width: 800px) 100vw, 800px\" \/>\t\t\t\t\t\t\t\t\t\t\t\t\t\t\t<\/div>\n\t\t\t\t<\/div>\n\t\t\t\t<div class=\"elementor-element elementor-element-95b8985 elementor-widget elementor-widget-image\" data-id=\"95b8985\" data-element_type=\"widget\" data-widget_type=\"image.default\">\n\t\t\t\t<div class=\"elementor-widget-container\">\n\t\t\t\t\t\t\t\t\t\t\t\t\t\t\t<img decoding=\"async\" width=\"768\" height=\"1024\" src=\"https:\/\/eshti.uem.mz\/wp-content\/uploads\/2025\/03\/residencia_1-768x1024.jpg\" class=\"attachment-large size-large wp-image-755\" alt=\"\" srcset=\"https:\/\/eshti.uem.mz\/wp-content\/uploads\/2025\/03\/residencia_1-768x1024.jpg 768w, https:\/\/eshti.uem.mz\/wp-content\/uploads\/2025\/03\/residencia_1-225x300.jpg 225w, https:\/\/eshti.uem.mz\/wp-content\/uploads\/2025\/03\/residencia_1-1152x1536.jpg 1152w, https:\/\/eshti.uem.mz\/wp-content\/uploads\/2025\/03\/residencia_1-1536x2048.jpg 1536w, https:\/\/eshti.uem.mz\/wp-content\/uploads\/2025\/03\/residencia_1-scaled.jpg 1920w\" sizes=\"(max-width: 768px) 100vw, 768px\" \/>\t\t\t\t\t\t\t\t\t\t\t\t\t\t\t<\/div>\n\t\t\t\t<\/div>\n\t\t\t\t<\/div>\n\t\t\t\t\t<\/div>\n\t\t\t\t<\/div>\n\t\t\t\t<\/div>\n\t\t","protected":false},"excerpt":{"rendered":"<p>Resid\u00eancia Estudantil A Universidade Eduardo Mondlane, como institui\u00e7\u00e3o p\u00fablica de ensino superior, empenha-se pela excel\u00eancia no contexto da educa\u00e7\u00e3o, da [&hellip;]<\/p>\n","protected":false},"author":4,"featured_media":0,"parent":0,"menu_order":0,"comment_status":"closed","ping_status":"closed","template":"","meta":{"site-sidebar-layout":"no-sidebar","site-content-layout":"","ast-site-content-layout":"full-width-container","site-content-style":"default","site-sidebar-style":"default","ast-global-header-display":"","ast-banner-title-visibility":"","ast-main-header-display":"","ast-hfb-above-header-display":"","ast-hfb-below-header-display":"","ast-hfb-mobile-header-display":"","site-post-title":"disabled","ast-breadcrumbs-content":"","ast-featured-img":"disabled","footer-sml-layout":"","theme-transparent-header-meta":"","adv-header-id-meta":"","stick-header-meta":"","header-above-stick-meta":"","header-main-stick-meta":"","header-below-stick-meta":"","astra-migrate-meta-layouts":"default","ast-page-background-enabled":"default","ast-page-background-meta":{"desktop":{"background-color":"var(--ast-global-color-4)","background-image":"","background-repeat":"repeat","background-position":"center center","background-size":"auto","background-attachment":"scroll","background-type":"","background-media":"","overlay-type":"","overlay-color":"","overlay-opacity":"","overlay-gradient":""},"tablet":{"background-color":"","background-image":"","background-repeat":"repeat","background-position":"center center","background-size":"auto","background-attachment":"scroll","background-type":"","background-media":"","overlay-type":"","overlay-color":"","overlay-opacity":"","overlay-gradient":""},"mobile":{"background-color":"","background-image":"","background-repeat":"repeat","background-position":"center center","background-size":"auto","background-attachment":"scroll","background-type":"","background-media":"","overlay-type":"","overlay-color":"","overlay-opacity":"","overlay-gradient":""}},"ast-content-background-meta":{"desktop":{"background-color":"var(--ast-global-color-5)","background-image":"","background-repeat":"repeat","background-position":"center center","background-size":"auto","background-attachment":"scroll","background-type":"","background-media":"","overlay-type":"","overlay-color":"","overlay-opacity":"","overlay-gradient":""},"tablet":{"background-color":"var(--ast-global-color-5)","background-image":"","background-repeat":"repeat","background-position":"center center","background-size":"auto","background-attachment":"scroll","background-type":"","background-media":"","overlay-type":"","overlay-color":"","overlay-opacity":"","overlay-gradient":""},"mobile":{"background-color":"var(--ast-global-color-5)","background-image":"","background-repeat":"repeat","background-position":"center center","background-size":"auto","background-attachment":"scroll","background-type":"","background-media":"","overlay-type":"","overlay-color":"","overlay-opacity":"","overlay-gradient":""}},"footnotes":""},"class_list":["post-739","page","type-page","status-publish","hentry"],"_links":{"self":[{"href":"https:\/\/eshti.uem.mz\/index.php\/wp-json\/wp\/v2\/pages\/739","targetHints":{"allow":["GET"]}}],"collection":[{"href":"https:\/\/eshti.uem.mz\/index.php\/wp-json\/wp\/v2\/pages"}],"about":[{"href":"https:\/\/eshti.uem.mz\/index.php\/wp-json\/wp\/v2\/types\/page"}],"author":[{"embeddable":true,"href":"https:\/\/eshti.uem.mz\/index.php\/wp-json\/wp\/v2\/users\/4"}],"replies":[{"embeddable":true,"href":"https:\/\/eshti.uem.mz\/index.php\/wp-json\/wp\/v2\/comments?post=739"}],"version-history":[{"count":16,"href":"https:\/\/eshti.uem.mz\/index.php\/wp-json\/wp\/v2\/pages\/739\/revisions"}],"predecessor-version":[{"id":758,"href":"https:\/\/eshti.uem.mz\/index.php\/wp-json\/wp\/v2\/pages\/739\/revisions\/758"}],"wp:attachment":[{"href":"https:\/\/eshti.uem.mz\/index.php\/wp-json\/wp\/v2\/media?parent=739"}],"curies":[{"name":"wp","href":"https:\/\/api.w.org\/{rel}","templated":true}]}}